{"id":289,"date":"2009-07-23T14:44:54","date_gmt":"2009-07-23T12:44:54","guid":{"rendered":"http:\/\/batsch.ch\/wordpress\/?page_id=289"},"modified":"2019-03-16T23:38:44","modified_gmt":"2019-03-16T22:38:44","slug":"about","status":"publish","type":"page","link":"https:\/\/batsch.ch\/wordpress\/about\/","title":{"rendered":"\u00dcber uns"},"content":{"rendered":"<p style=\"text-align: center;\">ngg_shortcode_0_placeholder<\/p>\n<p>Wir, Martina &amp; Daniel, Baujahre 1962 und 1964 haben uns nach unseren ersten Partnerschaften gefunden und teilen nebst insgesamt 4 Kindern, die allesamt fl\u00fcgge sind, viele gemeinsame Interessen:<\/p>\n<ul>\n<li><strong>Reisen:<\/strong> Insbesondere der asiatische Raum hat es uns angetan, wobei es uns zwischendurch auch gen Westen zieht. Auf unseren Reisen versuchen wir stets, die touristischen Zentren zu meiden und uns abseits der \u201etouristischen Trampelpfade\u201c zu bewegen.<\/li>\n<li><strong>Tauchen:<\/strong> Besonders die kleinen Lebewesen faszinieren uns, selbstverst\u00e4ndlich schauen wir aber auch bei gr\u00f6sseren Exemplaren nicht weg. Es ist immer wieder faszinierend, was die Natur im maritimen Bereich an Farben und Formen hervorbringt.<\/li>\n<li><strong>Segeln:<\/strong> Mit Segeln kann man die beiden vorstehenden Interessen auf optimale Art zu einem Ganzen verbinden. 71% der Erdoberfl\u00e4che bestehen aus Wasser und die Gesamtl\u00e4nge der K\u00fcste misst 356&#8217;000 km (Quelle: Wikipedia).<\/li>\n<li><strong>Freunde:<\/strong> Wir verbringen gerne Zeit mit lieben Freunden. Dazu geh\u00f6ren interessante, anregende oder lustige Gespr\u00e4che, ein feines Essen und ein edler Tropfen. Oft teilt dieser Freundeskreis auch die Eine oder Andere der vorstehenden Leidenschaften mit uns.&nbsp;<\/li>\n<\/ul>\n<p>Knuddel, auf allen Reisen immer mit dabei und damit ein erfahrener Reisehase. Das Tauchen schreckt ihn ab, da sein Fell immer so nass wird und er dann schwerlich trocknet.&nbsp;Beim Segeln&nbsp;interessiert er sich brennend f\u00fcr alle Fragen der Navigation\u2026<\/p>\n<p style=\"text-align: center;\"><img loading=\"lazy\" decoding=\"async\" width=\"600\" height=\"450\" title=\"Knuddel\" class=\"size-full wp-image-416  aligncenter\" alt=\"Knuddel\" src=\"https:\/\/batsch.ch\/wordpress\/wp-content\/uploads\/Knuddel.jpg\" srcset=\"https:\/\/batsch.ch\/wordpress\/wp-content\/uploads\/Knuddel.jpg 600w, https:\/\/batsch.ch\/wordpress\/wp-content\/uploads\/Knuddel-300x225.jpg 300w\" sizes=\"auto, (max-width: 600px) 100vw, 600px\" \/><\/p>\n","protected":false},"excerpt":{"rendered":"<p>Wir, Martina &amp; Daniel, Baujahre 1962 und 1964 haben uns nach unseren ersten Partnerschaften gefunden und teilen nebst insgesamt 4 Kindern, die allesamt fl\u00fcgge sind, viele gemeinsame Interessen: Reisen: Insbesondere der asiatische Raum hat es uns angetan, wobei es uns zwischendurch auch gen Westen zieht. Auf unseren Reisen versuchen wir stets, die touristischen Zentren zu [&hellip;]<\/p>\n","protected":false},"author":6,"featured_media":0,"parent":0,"menu_order":0,"comment_status":"closed","ping_status":"closed","template":"","meta":{"ngg_post_thumbnail":0,"footnotes":""},"class_list":["post-289","page","type-page","status-publish","hentry"],"yoast_head":"<!-- This site is optimized with the Yoast SEO plugin v27.4 - https:\/\/yoast.com\/product\/yoast-seo-wordpress\/ -->\n<title>\u00dcber uns - Reiseseite von Martina &amp; Daniel<\/title>\n<meta name=\"robots\" content=\"index, follow, max-snippet:-1, max-image-preview:large, max-video-preview:-1\" \/>\n<link rel=\"canonical\" href=\"https:\/\/batsch.ch\/wordpress\/about\/\" \/>\n<meta property=\"og:locale\" content=\"de_DE\" \/>\n<meta property=\"og:type\" content=\"article\" \/>\n<meta property=\"og:title\" content=\"\u00dcber uns - Reiseseite von Martina &amp; Daniel\" \/>\n<meta property=\"og:description\" content=\"Wir, Martina &amp; Daniel, Baujahre 1962 und 1964 haben uns nach unseren ersten Partnerschaften gefunden und teilen nebst insgesamt 4 Kindern, die allesamt fl\u00fcgge sind, viele gemeinsame Interessen: Reisen: Insbesondere der asiatische Raum hat es uns angetan, wobei es uns zwischendurch auch gen Westen zieht. Auf unseren Reisen versuchen wir stets, die touristischen Zentren zu [&hellip;]\" \/>\n<meta property=\"og:url\" content=\"https:\/\/batsch.ch\/wordpress\/about\/\" \/>\n<meta property=\"og:site_name\" content=\"Reiseseite von Martina &amp; Daniel\" \/>\n<meta property=\"article:modified_time\" content=\"2019-03-16T22:38:44+00:00\" \/>\n<meta property=\"og:image\" content=\"https:\/\/batsch.ch\/wordpress\/wp-content\/uploads\/Knuddel.jpg\" \/>\n<meta name=\"twitter:card\" content=\"summary_large_image\" \/>\n<meta name=\"twitter:label1\" content=\"Gesch\u00e4tzte Lesezeit\" \/>\n\t<meta name=\"twitter:data1\" content=\"1\u00a0Minute\" \/>\n<script type=\"application\/ld+json\" class=\"yoast-schema-graph\">{\"@context\":\"https:\\\/\\\/schema.org\",\"@graph\":[{\"@type\":\"WebPage\",\"@id\":\"https:\\\/\\\/batsch.ch\\\/wordpress\\\/about\\\/\",\"url\":\"https:\\\/\\\/batsch.ch\\\/wordpress\\\/about\\\/\",\"name\":\"\u00dcber uns - Reiseseite von Martina &amp; Daniel\",\"isPartOf\":{\"@id\":\"https:\\\/\\\/batsch.ch\\\/wordpress\\\/#website\"},\"primaryImageOfPage\":{\"@id\":\"https:\\\/\\\/batsch.ch\\\/wordpress\\\/about\\\/#primaryimage\"},\"image\":{\"@id\":\"https:\\\/\\\/batsch.ch\\\/wordpress\\\/about\\\/#primaryimage\"},\"thumbnailUrl\":\"https:\\\/\\\/batsch.ch\\\/wordpress\\\/wp-content\\\/uploads\\\/Knuddel.jpg\",\"datePublished\":\"2009-07-23T12:44:54+00:00\",\"dateModified\":\"2019-03-16T22:38:44+00:00\",\"breadcrumb\":{\"@id\":\"https:\\\/\\\/batsch.ch\\\/wordpress\\\/about\\\/#breadcrumb\"},\"inLanguage\":\"de\",\"potentialAction\":[{\"@type\":\"ReadAction\",\"target\":[\"https:\\\/\\\/batsch.ch\\\/wordpress\\\/about\\\/\"]}]},{\"@type\":\"ImageObject\",\"inLanguage\":\"de\",\"@id\":\"https:\\\/\\\/batsch.ch\\\/wordpress\\\/about\\\/#primaryimage\",\"url\":\"https:\\\/\\\/batsch.ch\\\/wordpress\\\/wp-content\\\/uploads\\\/Knuddel.jpg\",\"contentUrl\":\"https:\\\/\\\/batsch.ch\\\/wordpress\\\/wp-content\\\/uploads\\\/Knuddel.jpg\",\"width\":\"600\",\"height\":\"450\"},{\"@type\":\"BreadcrumbList\",\"@id\":\"https:\\\/\\\/batsch.ch\\\/wordpress\\\/about\\\/#breadcrumb\",\"itemListElement\":[{\"@type\":\"ListItem\",\"position\":1,\"name\":\"Home\",\"item\":\"https:\\\/\\\/batsch.ch\\\/wordpress\\\/\"},{\"@type\":\"ListItem\",\"position\":2,\"name\":\"\u00dcber uns\"}]},{\"@type\":\"WebSite\",\"@id\":\"https:\\\/\\\/batsch.ch\\\/wordpress\\\/#website\",\"url\":\"https:\\\/\\\/batsch.ch\\\/wordpress\\\/\",\"name\":\"Reiseseite von Martina &amp; Daniel\",\"description\":\"Woraus besteht der Mensch? Aus K\u00f6rper, Seele und Pass\",\"publisher\":{\"@id\":\"https:\\\/\\\/batsch.ch\\\/wordpress\\\/#\\\/schema\\\/person\\\/4601d86103602b512e10700baa2c760a\"},\"potentialAction\":[{\"@type\":\"SearchAction\",\"target\":{\"@type\":\"EntryPoint\",\"urlTemplate\":\"https:\\\/\\\/batsch.ch\\\/wordpress\\\/?s={search_term_string}\"},\"query-input\":{\"@type\":\"PropertyValueSpecification\",\"valueRequired\":true,\"valueName\":\"search_term_string\"}}],\"inLanguage\":\"de\"},{\"@type\":[\"Person\",\"Organization\"],\"@id\":\"https:\\\/\\\/batsch.ch\\\/wordpress\\\/#\\\/schema\\\/person\\\/4601d86103602b512e10700baa2c760a\",\"name\":\"Martina und Daniel\",\"logo\":{\"@id\":\"https:\\\/\\\/batsch.ch\\\/wordpress\\\/#\\\/schema\\\/person\\\/image\\\/\"},\"sameAs\":[\"http:\\\/\\\/www.vairea.ch\"]}]}<\/script>\n<!-- \/ Yoast SEO plugin. -->","yoast_head_json":{"title":"\u00dcber uns - Reiseseite von Martina &amp; Daniel","robots":{"index":"index","follow":"follow","max-snippet":"max-snippet:-1","max-image-preview":"max-image-preview:large","max-video-preview":"max-video-preview:-1"},"canonical":"https:\/\/batsch.ch\/wordpress\/about\/","og_locale":"de_DE","og_type":"article","og_title":"\u00dcber uns - Reiseseite von Martina &amp; Daniel","og_description":"Wir, Martina &amp; Daniel, Baujahre 1962 und 1964 haben uns nach unseren ersten Partnerschaften gefunden und teilen nebst insgesamt 4 Kindern, die allesamt fl\u00fcgge sind, viele gemeinsame Interessen: Reisen: Insbesondere der asiatische Raum hat es uns angetan, wobei es uns zwischendurch auch gen Westen zieht. Auf unseren Reisen versuchen wir stets, die touristischen Zentren zu [&hellip;]","og_url":"https:\/\/batsch.ch\/wordpress\/about\/","og_site_name":"Reiseseite von Martina &amp; Daniel","article_modified_time":"2019-03-16T22:38:44+00:00","og_image":[{"url":"https:\/\/batsch.ch\/wordpress\/wp-content\/uploads\/Knuddel.jpg","type":"","width":"","height":""}],"twitter_card":"summary_large_image","twitter_misc":{"Gesch\u00e4tzte Lesezeit":"1\u00a0Minute"},"schema":{"@context":"https:\/\/schema.org","@graph":[{"@type":"WebPage","@id":"https:\/\/batsch.ch\/wordpress\/about\/","url":"https:\/\/batsch.ch\/wordpress\/about\/","name":"\u00dcber uns - Reiseseite von Martina &amp; Daniel","isPartOf":{"@id":"https:\/\/batsch.ch\/wordpress\/#website"},"primaryImageOfPage":{"@id":"https:\/\/batsch.ch\/wordpress\/about\/#primaryimage"},"image":{"@id":"https:\/\/batsch.ch\/wordpress\/about\/#primaryimage"},"thumbnailUrl":"https:\/\/batsch.ch\/wordpress\/wp-content\/uploads\/Knuddel.jpg","datePublished":"2009-07-23T12:44:54+00:00","dateModified":"2019-03-16T22:38:44+00:00","breadcrumb":{"@id":"https:\/\/batsch.ch\/wordpress\/about\/#breadcrumb"},"inLanguage":"de","potentialAction":[{"@type":"ReadAction","target":["https:\/\/batsch.ch\/wordpress\/about\/"]}]},{"@type":"ImageObject","inLanguage":"de","@id":"https:\/\/batsch.ch\/wordpress\/about\/#primaryimage","url":"https:\/\/batsch.ch\/wordpress\/wp-content\/uploads\/Knuddel.jpg","contentUrl":"https:\/\/batsch.ch\/wordpress\/wp-content\/uploads\/Knuddel.jpg","width":"600","height":"450"},{"@type":"BreadcrumbList","@id":"https:\/\/batsch.ch\/wordpress\/about\/#breadcrumb","itemListElement":[{"@type":"ListItem","position":1,"name":"Home","item":"https:\/\/batsch.ch\/wordpress\/"},{"@type":"ListItem","position":2,"name":"\u00dcber uns"}]},{"@type":"WebSite","@id":"https:\/\/batsch.ch\/wordpress\/#website","url":"https:\/\/batsch.ch\/wordpress\/","name":"Reiseseite von Martina &amp; Daniel","description":"Woraus besteht der Mensch? Aus K\u00f6rper, Seele und Pass","publisher":{"@id":"https:\/\/batsch.ch\/wordpress\/#\/schema\/person\/4601d86103602b512e10700baa2c760a"},"potentialAction":[{"@type":"SearchAction","target":{"@type":"EntryPoint","urlTemplate":"https:\/\/batsch.ch\/wordpress\/?s={search_term_string}"},"query-input":{"@type":"PropertyValueSpecification","valueRequired":true,"valueName":"search_term_string"}}],"inLanguage":"de"},{"@type":["Person","Organization"],"@id":"https:\/\/batsch.ch\/wordpress\/#\/schema\/person\/4601d86103602b512e10700baa2c760a","name":"Martina und Daniel","logo":{"@id":"https:\/\/batsch.ch\/wordpress\/#\/schema\/person\/image\/"},"sameAs":["http:\/\/www.vairea.ch"]}]}},"_links":{"self":[{"href":"https:\/\/batsch.ch\/wordpress\/wp-json\/wp\/v2\/pages\/289","targetHints":{"allow":["GET"]}}],"collection":[{"href":"https:\/\/batsch.ch\/wordpress\/wp-json\/wp\/v2\/pages"}],"about":[{"href":"https:\/\/batsch.ch\/wordpress\/wp-json\/wp\/v2\/types\/page"}],"author":[{"embeddable":true,"href":"https:\/\/batsch.ch\/wordpress\/wp-json\/wp\/v2\/users\/6"}],"replies":[{"embeddable":true,"href":"https:\/\/batsch.ch\/wordpress\/wp-json\/wp\/v2\/comments?post=289"}],"version-history":[{"count":11,"href":"https:\/\/batsch.ch\/wordpress\/wp-json\/wp\/v2\/pages\/289\/revisions"}],"predecessor-version":[{"id":1456,"href":"https:\/\/batsch.ch\/wordpress\/wp-json\/wp\/v2\/pages\/289\/revisions\/1456"}],"wp:attachment":[{"href":"https:\/\/batsch.ch\/wordpress\/wp-json\/wp\/v2\/media?parent=289"}],"curies":[{"name":"wp","href":"https:\/\/api.w.org\/{rel}","templated":true}]}}